{"id":2,"date":"2022-10-10T08:38:52","date_gmt":"2022-10-10T08:38:52","guid":{"rendered":"http:\/\/sbg.oepu.at\/?page_id=2"},"modified":"2023-01-12T18:09:09","modified_gmt":"2023-01-12T17:09:09","slug":"sample-page","status":"publish","type":"page","link":"https:\/\/sbg.oepu.at\/index.php\/sample-page\/","title":{"rendered":"\u00d6PU-Salzburg"},"content":{"rendered":"\n<p>Die <a href=\"http:\/\/www.oepu.at\" target=\"_blank\" rel=\"noreferrer noopener\">\u00d6PU<\/a> (\u00d6sterreichische Professoren Union) ist ein Wahlb\u00fcndnis f\u00fcr die Personalvertretungswahlen im AHS-Bereich. Und sie ist auch eine Interessensgemeinschaft von drei Organisationen (FCG, \u00d6AAB-AHS und VCL), deren Prinzipien und grunds\u00e4tzliche Anliegen im schulpolitischen Geschehen eine gemeinsame Basis bilden.<\/p>\n\n\n\n<p>Das bildungspolitische Credo der \u00d6PU ist die Erhaltung und Weiterentwicklung eines qualitativ hochwertigen, differenzierten Schulsystems in \u00d6sterreich. Unser Logo steht auch f\u00fcr unsere Leitbegriffe \u201eoffensiv \u2013 professionell \u2013 unabh\u00e4ngig\u201c, die unser Handeln zum Wohl der \u00f6sterreichischen Gymnasien und ihrer LehrerInnen bestimmen.<\/p>\n\n\n\n<p>Die Unterst\u00fctzung der \u00d6PU bedeutet keine parteipolitische Positionierung, sondern ist Ausdruck der F\u00f6rderung einer Interessensvertretung, die zum differenzierten Schulwesen steht und in ihm die AHS durch kontinuierliche Weiterentwicklung auf Erfolgskurs halten will.<\/p>\n","protected":false},"excerpt":{"rendered":"<p>Die \u00d6PU (\u00d6sterreichische Professoren Union) ist ein Wahlb\u00fcndnis f\u00fcr die Personalvertretungswahlen im AHS-Bereich. Und sie ist auch eine Interessensgemeinschaft von<\/p>\n","protected":false},"author":1,"featured_media":0,"parent":0,"menu_order":0,"comment_status":"closed","ping_status":"open","template":"","meta":{"footnotes":""},"class_list":["post-2","page","type-page","status-publish","hentry"],"_links":{"self":[{"href":"https:\/\/sbg.oepu.at\/index.php\/wp-json\/wp\/v2\/pages\/2","targetHints":{"allow":["GET"]}}],"collection":[{"href":"https:\/\/sbg.oepu.at\/index.php\/wp-json\/wp\/v2\/pages"}],"about":[{"href":"https:\/\/sbg.oepu.at\/index.php\/wp-json\/wp\/v2\/types\/page"}],"author":[{"embeddable":true,"href":"https:\/\/sbg.oepu.at\/index.php\/wp-json\/wp\/v2\/users\/1"}],"replies":[{"embeddable":true,"href":"https:\/\/sbg.oepu.at\/index.php\/wp-json\/wp\/v2\/comments?post=2"}],"version-history":[{"count":6,"href":"https:\/\/sbg.oepu.at\/index.php\/wp-json\/wp\/v2\/pages\/2\/revisions"}],"predecessor-version":[{"id":119,"href":"https:\/\/sbg.oepu.at\/index.php\/wp-json\/wp\/v2\/pages\/2\/revisions\/119"}],"wp:attachment":[{"href":"https:\/\/sbg.oepu.at\/index.php\/wp-json\/wp\/v2\/media?parent=2"}],"curies":[{"name":"wp","href":"https:\/\/api.w.org\/{rel}","templated":true}]}}